{"id":167,"date":"2026-01-10T17:11:41","date_gmt":"2026-01-10T17:11:41","guid":{"rendered":"https:\/\/fakturadanmark.dk\/?page_id=167"},"modified":"2026-01-12T18:20:39","modified_gmt":"2026-01-12T18:20:39","slug":"cookiepolitik-eu","status":"publish","type":"page","link":"https:\/\/fakturadanmark.dk\/?page_id=167","title":{"rendered":"Cookiepolitik (EU)"},"content":{"rendered":"<h1>Cookiepolitik (EU)<\/h1>\n<p><strong>Sidst opdateret:<\/strong> 10. januar 2026<\/p>\n<p>Denne cookiepolitik g\u00e6lder for borgere og lovlige permanente beboere i<br \/>\nDet Europ\u00e6iske \u00d8konomiske Samarbejdsomr\u00e5de (E\u00d8S) og Schweiz.<\/p>\n<h2>1. Introduktion<\/h2>\n<p>Vores websted, <a href=\"https:\/\/fakturadanmark.dk\">https:\/\/fakturadanmark.dk<\/a><br \/>\n(i det f\u00f8lgende ben\u00e6vnt \u201cwebstedet\u201d), anvender cookies og lignende teknologier<br \/>\n(for nemheds skyld samlet kaldet \u201ccookies\u201d).<br \/>\nCookies kan ogs\u00e5 blive placeret af tredjeparter, som vi samarbejder med.<br \/>\nDenne cookiepolitik forklarer, hvordan cookies anvendes p\u00e5 vores websted.<\/p>\n<h2>2. Hvad er cookies?<\/h2>\n<p>En cookie er en lille tekstfil, der sendes sammen med sider p\u00e5 webstedet<br \/>\nog gemmes i din browser p\u00e5 din computer eller enhed.<br \/>\nOplysningerne i cookien kan blive sendt til vores eller relevante tredjeparters servere,<br \/>\nn\u00e5r du bes\u00f8ger webstedet igen.<\/p>\n<h2>3. Hvad er scripts?<\/h2>\n<p>Et script er et stykke kode, som bruges til at sikre, at webstedet fungerer korrekt<br \/>\nog som forventet. Koden kan afvikles enten p\u00e5 vores server eller p\u00e5 din enhed.<\/p>\n<h2>4. Hvad er en web beacon?<\/h2>\n<p>En web beacon (ogs\u00e5 kaldet et pixel-tag) er et lille stykke tekst eller et billede<br \/>\np\u00e5 et websted, som bruges til at overv\u00e5ge trafik p\u00e5 webstedet.<br \/>\nTil dette form\u00e5l kan der blive gemt forskellige oplysninger om dig.<\/p>\n<h2>5. Cookies<\/h2>\n<h3>5.1 Tekniske eller funktionelle cookies<\/h3>\n<p>Nogle cookies sikrer, at dele af webstedet fungerer korrekt,<br \/>\nog at dine brugerpr\u00e6ferencer bliver husket.<br \/>\nVed at anvende funktionelle cookies g\u00f8r vi det lettere for dig at bruge webstedet.<br \/>\nDisse cookies kan placeres uden dit samtykke.<\/p>\n<h3>5.2 Statistik- og analysecookies<\/h3>\n<p>Vi anvender analysecookies for at optimere oplevelsen p\u00e5 webstedet.<br \/>\nDisse cookies giver os indsigt i, hvordan webstedet bliver anvendt.<br \/>\nVi beder om dit samtykke, f\u00f8r disse cookies placeres.<\/p>\n<h3>5.3 Marketingcookies<\/h3>\n<p>Vi kan anvende marketingcookies til at tilpasse annoncer<br \/>\nog til at f\u00e5 indsigt i effekten af vores markedsf\u00f8ring.<br \/>\nDette kan ske p\u00e5 baggrund af en profil,<br \/>\nsom oprettes ud fra din adf\u00e6rd p\u00e5 og uden for webstedet.<\/p>\n<h3>5.4 Marketing- og sporingscookies<\/h3>\n<p>Marketing- og sporingscookies anvendes til at oprette brugerprofiler<br \/>\nmed henblik p\u00e5 annoncering eller til at f\u00f8lge brugere p\u00e5 tv\u00e6rs af websteder<br \/>\nmed lignende markedsf\u00f8ringsform\u00e5l.<br \/>\nDa disse cookies anvendes til sporing, beder vi om dit samtykke.<\/p>\n<h2>6. Placerede cookies<\/h2>\n<ul>\n<li>Google reCAPTCHA (Funktionel)<\/li>\n<li>WordPress (Funktionel)<\/li>\n<li>Google Analytics (Statistik)<\/li>\n<li>Polylang (Funktionel)<\/li>\n<li>Diverse (Form\u00e5l under unders\u00f8gelse)<\/li>\n<\/ul>\n<h2>7. Samtykke<\/h2>\n<p>N\u00e5r du bes\u00f8ger webstedet f\u00f8rste gang, viser vi et cookie-banner med information om cookies.<br \/>\nVed at klikke p\u00e5 \u201cGem pr\u00e6ferencer\u201d giver du samtykke til brugen af de valgte cookie-kategorier,<br \/>\nsom beskrevet i denne cookiepolitik.<\/p>\n<p>Du kan til enhver tid deaktivere cookies via din browser.<br \/>\nBem\u00e6rk, at visse funktioner p\u00e5 webstedet muligvis ikke fungerer korrekt,<br \/>\nhvis alle cookies deaktiveres.<\/p>\n<h2>8. Aktivering, deaktivering og sletning af cookies<\/h2>\n<p>Du kan bruge din browser til automatisk eller manuelt at slette cookies.<br \/>\nDu kan ogs\u00e5 v\u00e6lge at blokere bestemte cookies eller modtage en advarsel,<br \/>\nn\u00e5r der placeres cookies.<br \/>\nSe venligst hj\u00e6lpesektionen i din browser for yderligere information.<\/p>\n<p>Hvis du sletter cookies i din browser, kan de blive placeret igen,<br \/>\nn\u00e5r du giver samtykke ved dit n\u00e6ste bes\u00f8g p\u00e5 webstedet.<\/p>\n<h2>9. Dine rettigheder vedr\u00f8rende personoplysninger<\/h2>\n<ul>\n<li>Ret til at f\u00e5 oplyst, hvorfor dine personoplysninger behandles og hvor l\u00e6nge<\/li>\n<li>Ret til indsigt i dine personoplysninger<\/li>\n<li>Ret til berigtigelse eller sletning af dine personoplysninger<\/li>\n<li>Ret til at tilbagekalde dit samtykke til enhver tid<\/li>\n<li>Ret til dataportabilitet<\/li>\n<li>Ret til at g\u00f8re indsigelse mod behandling, medmindre der foreligger tungtvejende grunde<\/li>\n<\/ul>\n<p>Hvis du har en klage over vores behandling af dine personoplysninger,<br \/>\nhar du ogs\u00e5 ret til at indgive en klage til den relevante tilsynsmyndighed,<br \/>\nfx Datatilsynet.<\/p>\n<h2>10. Kontaktoplysninger<\/h2>\n<p>Hvis du har sp\u00f8rgsm\u00e5l eller kommentarer til denne cookiepolitik, kan du kontakte:<\/p>\n<p><strong>Faktura Danmark<br \/>\n\u00d8sterbrogade 226, 1. #Suite 408<br \/>\n2100 KBH \u00d8:<br \/>\nInternet side: https:\/\/fakturadanmark.dk<br \/>\nEmail: admin@fakturadanmark.dk<\/strong><\/p>\n<p>Denne cookiepolitik blev synkroniseret med <strong>cookiedatabase.org<\/strong><br \/>\nden 10. januar 2026.<\/p>\n","protected":false},"excerpt":{"rendered":"<p>Cookiepolitik (EU) Sidst opdateret: 10. januar 2026 Denne cookiepolitik g\u00e6lder for borgere og lovlige permanente beboere i Det Europ\u00e6iske \u00d8konomiske [&hellip;]<\/p>\n","protected":false},"author":1,"featured_media":0,"parent":0,"menu_order":0,"comment_status":"closed","ping_status":"closed","template":"","meta":{"_uag_custom_page_level_css":"","site-sidebar-layout":"default","site-content-layout":"","ast-site-content-layout":"default","site-content-style":"default","site-sidebar-style":"default","ast-global-header-display":"","ast-banner-title-visibility":"","ast-main-header-display":"","ast-hfb-above-header-display":"","ast-hfb-below-header-display":"","ast-hfb-mobile-header-display":"","site-post-title":"","ast-breadcrumbs-content":"","ast-featured-img":"","footer-sml-layout":"","ast-disable-related-posts":"","theme-transparent-header-meta":"","adv-header-id-meta":"","stick-header-meta":"","header-above-stick-meta":"","header-main-stick-meta":"","header-below-stick-meta":"","astra-migrate-meta-layouts":"default","ast-page-background-enabled":"default","ast-page-background-meta":{"desktop":{"background-color":"var(--ast-global-color-5)","background-image":"","background-repeat":"repeat","background-position":"center center","background-size":"auto","background-attachment":"scroll","background-type":"","background-media":"","overlay-type":"","overlay-color":"","overlay-opacity":"","overlay-gradient":""},"tablet":{"background-color":"","background-image":"","background-repeat":"repeat","background-position":"center center","background-size":"auto","background-attachment":"scroll","background-type":"","background-media":"","overlay-type":"","overlay-color":"","overlay-opacity":"","overlay-gradient":""},"mobile":{"background-color":"","background-image":"","background-repeat":"repeat","background-position":"center center","background-size":"auto","background-attachment":"scroll","background-type":"","background-media":"","overlay-type":"","overlay-color":"","overlay-opacity":"","overlay-gradient":""}},"ast-content-background-meta":{"desktop":{"background-color":"var(--ast-global-color-4)","background-image":"","background-repeat":"repeat","background-position":"center center","background-size":"auto","background-attachment":"scroll","background-type":"","background-media":"","overlay-type":"","overlay-color":"","overlay-opacity":"","overlay-gradient":""},"tablet":{"background-color":"var(--ast-global-color-4)","background-image":"","background-repeat":"repeat","background-position":"center center","background-size":"auto","background-attachment":"scroll","background-type":"","background-media":"","overlay-type":"","overlay-color":"","overlay-opacity":"","overlay-gradient":""},"mobile":{"background-color":"var(--ast-global-color-4)","background-image":"","background-repeat":"repeat","background-position":"center center","background-size":"auto","background-attachment":"scroll","background-type":"","background-media":"","overlay-type":"","overlay-color":"","overlay-opacity":"","overlay-gradient":""}},"footnotes":""},"class_list":["post-167","page","type-page","status-publish","hentry"],"uagb_featured_image_src":{"full":false,"thumbnail":false,"medium":false,"medium_large":false,"large":false,"1536x1536":false,"2048x2048":false},"uagb_author_info":{"display_name":"admin","author_link":"https:\/\/fakturadanmark.dk\/?author=1"},"uagb_comment_info":0,"uagb_excerpt":"Cookiepolitik (EU) Sidst opdateret: 10. januar 2026 Denne cookiepolitik g\u00e6lder for borgere og lovlige permanente beboere i Det Europ\u00e6iske \u00d8konomiske [&hellip;]","_links":{"self":[{"href":"https:\/\/fakturadanmark.dk\/index.php?rest_route=\/wp\/v2\/pages\/167","targetHints":{"allow":["GET"]}}],"collection":[{"href":"https:\/\/fakturadanmark.dk\/index.php?rest_route=\/wp\/v2\/pages"}],"about":[{"href":"https:\/\/fakturadanmark.dk\/index.php?rest_route=\/wp\/v2\/types\/page"}],"author":[{"embeddable":true,"href":"https:\/\/fakturadanmark.dk\/index.php?rest_route=\/wp\/v2\/users\/1"}],"replies":[{"embeddable":true,"href":"https:\/\/fakturadanmark.dk\/index.php?rest_route=%2Fwp%2Fv2%2Fcomments&post=167"}],"version-history":[{"count":1,"href":"https:\/\/fakturadanmark.dk\/index.php?rest_route=\/wp\/v2\/pages\/167\/revisions"}],"predecessor-version":[{"id":181,"href":"https:\/\/fakturadanmark.dk\/index.php?rest_route=\/wp\/v2\/pages\/167\/revisions\/181"}],"wp:attachment":[{"href":"https:\/\/fakturadanmark.dk\/index.php?rest_route=%2Fwp%2Fv2%2Fmedia&parent=167"}],"curies":[{"name":"wp","href":"https:\/\/api.w.org\/{rel}","templated":true}]}}